{"id":20036,"date":"2025-09-06T08:07:35","date_gmt":"2025-09-06T08:07:35","guid":{"rendered":"https:\/\/www.vdocipher.com\/blog\/?page_id=20036"},"modified":"2025-09-11T09:02:56","modified_gmt":"2025-09-11T09:02:56","slug":"how-to-play-videos-from-zenplayer-app","status":"publish","type":"page","link":"https:\/\/www-uat.vdocipher.com\/blog\/zenplayer-tutorial\/","title":{"rendered":"How to Play Videos from Zenplayer App?"},"content":{"rendered":"<h3 class=\"p-rich_text_section\"><strong>English Steps<\/strong><\/h3>\n<ol class=\"p-rich_text_list p-rich_text_list__ordered p-rich_text_list--nested\" data-stringify-type=\"ordered-list\" data-list-tree=\"true\" data-indent=\"0\" data-border=\"0\">\n<li data-stringify-indent=\"0\" data-stringify-border=\"0\">Please install the zenplayer app. <a href=\"https:\/\/play.google.com\/store\/apps\/details?id=com.vdocipher.zenplayer\" target=\"_blank\" rel=\"noopener\">https:\/\/play.google.com\/store\/apps\/details?id=com.vdocipher.zenplayer<\/a><\/li>\n<li data-stringify-indent=\"0\" data-stringify-border=\"0\">After installing Zenplayer from appstore, please go back to your course or movie website again.<\/li>\n<li data-stringify-indent=\"0\" data-stringify-border=\"0\">Then try playing video from the course or movie website again, it will play directly through the Zenplayer app.<\/li>\n<li data-stringify-indent=\"0\" data-stringify-border=\"0\">In case of any issue with zenplayer, please go back to your teacher or movie website and click on video there, it will automatically play from zenplayer app.<\/li>\n<li data-stringify-indent=\"0\" data-stringify-border=\"0\">You do not need to register separately for zenplayer app.<\/li>\n<\/ol>\n<h3 class=\"p-rich_text_section\"><strong>Arabic Steps<\/strong><\/h3>\n<div>\n<p>\u0661. \u064a\u064f\u0631\u062c\u0649 \u062a\u062b\u0628\u064a\u062a \u062a\u0637\u0628\u064a\u0642 Zenplayer. <a href=\"https:\/\/play.google.com\/store\/apps\/details?id=com.vdocipher.zenplayer\" target=\"_blank\" rel=\"noopener\">https:\/\/play.google.com\/store\/apps\/details?id=com.vdocipher.zenplayer<\/a><\/p>\n<p>\u0662. \u0628\u0639\u062f \u062a\u062b\u0628\u064a\u062a Zenplayer \u0645\u0646 \u0645\u062a\u062c\u0631 \u0627\u0644\u062a\u0637\u0628\u064a\u0642\u0627\u062a\u060c \u064a\u064f\u0631\u062c\u0649 \u0627\u0644\u0639\u0648\u062f\u0629 \u0625\u0644\u0649 \u0645\u0648\u0642\u0639 \u0627\u0644\u062f\u0648\u0631\u0629 \u0623\u0648 \u0627\u0644\u0641\u064a\u0644\u0645 \u0645\u0631\u0629 \u0623\u062e\u0631\u0649.<\/p>\n<p>\u0663. \u062b\u0645 \u062c\u0631\u0651\u0628 \u062a\u0634\u063a\u064a\u0644 \u0627\u0644\u0641\u064a\u062f\u064a\u0648 \u0645\u0646 \u0645\u0648\u0642\u0639 \u0627\u0644\u062f\u0648\u0631\u0629 \u0623\u0648 \u0627\u0644\u0641\u064a\u0644\u0645 \u0645\u0631\u0629 \u0623\u062e\u0631\u0649\u060c \u0648\u0633\u064a\u062a\u0645 \u062a\u0634\u063a\u064a\u0644\u0647 \u0645\u0628\u0627\u0634\u0631\u0629\u064b \u0645\u0646 \u062e\u0644\u0627\u0644 \u062a\u0637\u0628\u064a\u0642 Zenplayer.<\/p>\n<p>\u0664. \u0641\u064a \u062d\u0627\u0644 \u0648\u062c\u0648\u062f \u0623\u064a \u0645\u0634\u0643\u0644\u0629 \u0641\u064a Zenplayer\u060c \u064a\u064f\u0631\u062c\u0649 \u0627\u0644\u0639\u0648\u062f\u0629 \u0625\u0644\u0649 \u0645\u0648\u0642\u0639 \u0627\u0644\u0645\u0639\u0644\u0645 \u0623\u0648 \u0645\u0648\u0642\u0639 \u0627\u0644\u0641\u064a\u0644\u0645 \u0648\u0627\u0644\u0646\u0642\u0631 \u0639\u0644\u0649 &#8220;\u0627\u0644\u0641\u064a\u062f\u064a\u0648&#8221; \u0647\u0646\u0627\u0643\u060c \u0648\u0633\u064a\u062a\u0645 \u062a\u0634\u063a\u064a\u0644\u0647 \u062a\u0644\u0642\u0627\u0626\u064a\u064b\u0627 \u0645\u0646 \u062a\u0637\u0628\u064a\u0642 Zenplayer.<\/p>\n<p>\u0665. \u0644\u0627 \u062a\u062d\u062a\u0627\u062c \u0625\u0644\u0649 \u062a\u0633\u062c\u064a\u0644 \u0645\u0646\u0641\u0635\u0644 \u0644\u062a\u0637\u0628\u064a\u0642 Zenplayer.<\/p>\n<\/div>\n<div>\n<h3><strong>French Steps<\/strong><\/h3>\n<p>1. Veuillez installer l&#8217;application Zenplayer. <a href=\"https:\/\/play.google.com\/store\/apps\/details?id=com.vdocipher.zenplayer\">https:\/\/play.google.com\/store\/apps\/details id=com.vdocipher.zenplayer\u00a0<\/a><\/p>\n<p>2. Apr\u00e8s avoir install\u00e9 Zenplayer depuis l&#8217;App Store, veuillez retourner sur le site web de votre cours ou de votre film.<\/p>\n<p>3. Ensuite, essayez de lire \u00e0 nouveau la vid\u00e9o depuis le site web du cours ou du film\u00a0; elle sera lue directement via l&#8217;application Zenplayer.<\/p>\n<p>4. En cas de probl\u00e8me avec Zenplayer, veuillez retourner sur le site web de votre enseignant ou de votre film et cliquer sur la vid\u00e9o\u00a0; la lecture sera automatiquement effectu\u00e9e depuis l&#8217;application Zenplayer.<\/p>\n<p>5. Vous n&#8217;avez pas besoin de vous inscrire s\u00e9par\u00e9ment pour l&#8217;application Zenplayer.<\/p>\n<h3><strong>Portuguese Steps<\/strong><\/h3>\n<p>1. Instale o aplicativo Zenplayer. <a href=\"https:\/\/play.google.com\/store\/apps\/details?id=com.vdocipher.zenplayer\">https:\/\/play.google.com\/store\/apps\/details?id=com.vdocipher.zenplayer<\/a><\/p>\n<p>2. Ap\u00f3s instalar o Zenplayer pela App Store, acesse o site do seu curso ou filme novamente.<\/p>\n<p>3. Em seguida, tente reproduzir o v\u00eddeo do site do curso ou filme novamente; ele ser\u00e1 reproduzido diretamente pelo aplicativo Zenplayer.<\/p>\n<p>4. Caso haja algum problema com o Zenplayer, acesse o site do seu professor ou filme e clique no v\u00eddeo; ele ser\u00e1 reproduzido automaticamente pelo aplicativo Zenplayer.<\/p>\n<p>5. Voc\u00ea n\u00e3o precisa se registrar separadamente para usar o aplicativo Zenplayer.<\/p>\n<h3><strong>Spanish Steps<\/strong><\/h3>\n<p>1. Instala la app ZenPlayer: <a href=\"https:\/\/play.google.com\/store\/apps\/details?id=com.vdocipher.zenplayer\">https:\/\/play.google.com\/store\/apps\/details?id=com.vdocipher.zenplayer<\/a><\/p>\n<p>2. Despu\u00e9s de instalar ZenPlayer desde la App Store, vuelve a la p\u00e1gina web de tu curso o pel\u00edcula.<\/p>\n<p>3. Intenta reproducir el v\u00eddeo desde la p\u00e1gina web del curso o pel\u00edcula; se reproducir\u00e1 directamente desde la app ZenPlayer.<\/p>\n<p>4. Si tienes alg\u00fan problema con ZenPlayer, vuelve a la p\u00e1gina web de tu profesor o pel\u00edcula y haz clic en el v\u00eddeo; se reproducir\u00e1 autom\u00e1ticamente desde la app ZenPlayer.<\/p>\n<p>5. No necesitas registrarte por separado para usar la app ZenPlayer.<\/p>\n<\/div>\n","protected":false},"excerpt":{"rendered":"<p>English Steps Please install the zenplayer app. https:\/\/play.google.com\/store\/apps\/details?id=com.vdocipher.zenplayer After installing Zenplayer from appstore, please go back to your course or movie website again. Then try playing video from the course or movie website again, it will play directly through the Zenplayer app. In case of any issue with zenplayer, please go back to your teacher [&hellip;]<\/p>\n","protected":false},"author":2,"featured_media":0,"parent":0,"menu_order":0,"comment_status":"closed","ping_status":"closed","template":"","meta":{"footnotes":""},"categories":[],"tags":[],"class_list":{"0":"post-20036","1":"page","2":"type-page","3":"status-publish","5":"entry"},"yoast_head":"<!-- This site is optimized with the Yoast SEO Premium plugin v20.0 (Yoast SEO v26.9) - https:\/\/yoast.com\/product\/yoast-seo-premium-wordpress\/ -->\n<title>How to Play Videos from Zenplayer App? - VdoCipher Blog<\/title>\n<meta name=\"robots\" content=\"index, follow, max-snippet:-1, max-image-preview:large, max-video-preview:-1\" \/>\n<link rel=\"canonical\" href=\"https:\/\/www.vdocipher.com\/blog\/zenplayer-tutorial\/\" \/>\n<meta property=\"og:locale\" content=\"en_US\" \/>\n<meta property=\"og:type\" content=\"article\" \/>\n<meta property=\"og:title\" content=\"How to Play Videos from Zenplayer App?\" \/>\n<meta property=\"og:description\" content=\"English Steps Please install the zenplayer app. https:\/\/play.google.com\/store\/apps\/details?id=com.vdocipher.zenplayer After installing Zenplayer from appstore, please go back to your course or movie website again. Then try playing video from the course or movie website again, it will play directly through the Zenplayer app. In case of any issue with zenplayer, please go back to your teacher [&hellip;]\" \/>\n<meta property=\"og:url\" content=\"https:\/\/www.vdocipher.com\/blog\/zenplayer-tutorial\/\" \/>\n<meta property=\"og:site_name\" content=\"VdoCipher Blog\" \/>\n<meta property=\"article:publisher\" content=\"https:\/\/www.facebook.com\/vdociphertech\/\" \/>\n<meta property=\"article:modified_time\" content=\"2025-09-11T09:02:56+00:00\" \/>\n<meta name=\"twitter:card\" content=\"summary_large_image\" \/>\n<meta name=\"twitter:site\" content=\"@vdocipher\" \/>\n<meta name=\"twitter:label1\" content=\"Est. reading time\" \/>\n\t<meta name=\"twitter:data1\" content=\"2 minutes\" \/>\n<script type=\"application\/ld+json\" class=\"yoast-schema-graph\">{\"@context\":\"https:\/\/schema.org\",\"@graph\":[{\"@type\":\"WebPage\",\"@id\":\"https:\/\/www.vdocipher.com\/blog\/zenplayer-tutorial\/\",\"url\":\"https:\/\/www.vdocipher.com\/blog\/zenplayer-tutorial\/\",\"name\":\"How to Play Videos from Zenplayer App? - VdoCipher Blog\",\"isPartOf\":{\"@id\":\"https:\/\/www.vdocipher.com\/blog\/#website\"},\"datePublished\":\"2025-09-06T08:07:35+00:00\",\"dateModified\":\"2025-09-11T09:02:56+00:00\",\"breadcrumb\":{\"@id\":\"https:\/\/www.vdocipher.com\/blog\/zenplayer-tutorial\/#breadcrumb\"},\"inLanguage\":\"en-US\",\"potentialAction\":[{\"@type\":\"ReadAction\",\"target\":[\"https:\/\/www.vdocipher.com\/blog\/zenplayer-tutorial\/\"]}]},{\"@type\":\"BreadcrumbList\",\"@id\":\"https:\/\/www.vdocipher.com\/blog\/zenplayer-tutorial\/#breadcrumb\",\"itemListElement\":[{\"@type\":\"ListItem\",\"position\":1,\"name\":\"Home\",\"item\":\"https:\/\/www.vdocipher.com\/blog\/\"},{\"@type\":\"ListItem\",\"position\":2,\"name\":\"How to Play Videos from Zenplayer App?\"}]},{\"@type\":\"WebSite\",\"@id\":\"https:\/\/www.vdocipher.com\/blog\/#website\",\"url\":\"https:\/\/www.vdocipher.com\/blog\/\",\"name\":\"VdoCipher Blog\",\"description\":\"Secure Video Streaming\",\"publisher\":{\"@id\":\"https:\/\/www.vdocipher.com\/blog\/#organization\"},\"potentialAction\":[{\"@type\":\"SearchAction\",\"target\":{\"@type\":\"EntryPoint\",\"urlTemplate\":\"https:\/\/www.vdocipher.com\/blog\/?s={search_term_string}\"},\"query-input\":{\"@type\":\"PropertyValueSpecification\",\"valueRequired\":true,\"valueName\":\"search_term_string\"}}],\"inLanguage\":\"en-US\"},{\"@type\":\"Organization\",\"@id\":\"https:\/\/www.vdocipher.com\/blog\/#organization\",\"name\":\"VdoCipher\",\"url\":\"https:\/\/www.vdocipher.com\/blog\/\",\"logo\":{\"@type\":\"ImageObject\",\"inLanguage\":\"en-US\",\"@id\":\"https:\/\/www.vdocipher.com\/blog\/#\/schema\/logo\/image\/\",\"url\":\"https:\/\/www.vdocipher.com\/blog\/wp-content\/uploads\/2016\/11\/VdoCipher-logo2.png\",\"contentUrl\":\"https:\/\/www.vdocipher.com\/blog\/wp-content\/uploads\/2016\/11\/VdoCipher-logo2.png\",\"width\":1625,\"height\":1925,\"caption\":\"VdoCipher\"},\"image\":{\"@id\":\"https:\/\/www.vdocipher.com\/blog\/#\/schema\/logo\/image\/\"},\"sameAs\":[\"https:\/\/www.facebook.com\/vdociphertech\/\",\"https:\/\/x.com\/vdocipher\",\"https:\/\/www.linkedin.com\/company\/vdocipher\"]}]}<\/script>\n<!-- \/ Yoast SEO Premium plugin. -->","yoast_head_json":{"title":"How to Play Videos from Zenplayer App? - VdoCipher Blog","robots":{"index":"index","follow":"follow","max-snippet":"max-snippet:-1","max-image-preview":"max-image-preview:large","max-video-preview":"max-video-preview:-1"},"canonical":"https:\/\/www.vdocipher.com\/blog\/zenplayer-tutorial\/","og_locale":"en_US","og_type":"article","og_title":"How to Play Videos from Zenplayer App?","og_description":"English Steps Please install the zenplayer app. https:\/\/play.google.com\/store\/apps\/details?id=com.vdocipher.zenplayer After installing Zenplayer from appstore, please go back to your course or movie website again. Then try playing video from the course or movie website again, it will play directly through the Zenplayer app. In case of any issue with zenplayer, please go back to your teacher [&hellip;]","og_url":"https:\/\/www.vdocipher.com\/blog\/zenplayer-tutorial\/","og_site_name":"VdoCipher Blog","article_publisher":"https:\/\/www.facebook.com\/vdociphertech\/","article_modified_time":"2025-09-11T09:02:56+00:00","twitter_card":"summary_large_image","twitter_site":"@vdocipher","twitter_misc":{"Est. reading time":"2 minutes"},"schema":{"@context":"https:\/\/schema.org","@graph":[{"@type":"WebPage","@id":"https:\/\/www.vdocipher.com\/blog\/zenplayer-tutorial\/","url":"https:\/\/www.vdocipher.com\/blog\/zenplayer-tutorial\/","name":"How to Play Videos from Zenplayer App? - VdoCipher Blog","isPartOf":{"@id":"https:\/\/www.vdocipher.com\/blog\/#website"},"datePublished":"2025-09-06T08:07:35+00:00","dateModified":"2025-09-11T09:02:56+00:00","breadcrumb":{"@id":"https:\/\/www.vdocipher.com\/blog\/zenplayer-tutorial\/#breadcrumb"},"inLanguage":"en-US","potentialAction":[{"@type":"ReadAction","target":["https:\/\/www.vdocipher.com\/blog\/zenplayer-tutorial\/"]}]},{"@type":"BreadcrumbList","@id":"https:\/\/www.vdocipher.com\/blog\/zenplayer-tutorial\/#breadcrumb","itemListElement":[{"@type":"ListItem","position":1,"name":"Home","item":"https:\/\/www.vdocipher.com\/blog\/"},{"@type":"ListItem","position":2,"name":"How to Play Videos from Zenplayer App?"}]},{"@type":"WebSite","@id":"https:\/\/www.vdocipher.com\/blog\/#website","url":"https:\/\/www.vdocipher.com\/blog\/","name":"VdoCipher Blog","description":"Secure Video Streaming","publisher":{"@id":"https:\/\/www.vdocipher.com\/blog\/#organization"},"potentialAction":[{"@type":"SearchAction","target":{"@type":"EntryPoint","urlTemplate":"https:\/\/www.vdocipher.com\/blog\/?s={search_term_string}"},"query-input":{"@type":"PropertyValueSpecification","valueRequired":true,"valueName":"search_term_string"}}],"inLanguage":"en-US"},{"@type":"Organization","@id":"https:\/\/www.vdocipher.com\/blog\/#organization","name":"VdoCipher","url":"https:\/\/www.vdocipher.com\/blog\/","logo":{"@type":"ImageObject","inLanguage":"en-US","@id":"https:\/\/www.vdocipher.com\/blog\/#\/schema\/logo\/image\/","url":"https:\/\/www.vdocipher.com\/blog\/wp-content\/uploads\/2016\/11\/VdoCipher-logo2.png","contentUrl":"https:\/\/www.vdocipher.com\/blog\/wp-content\/uploads\/2016\/11\/VdoCipher-logo2.png","width":1625,"height":1925,"caption":"VdoCipher"},"image":{"@id":"https:\/\/www.vdocipher.com\/blog\/#\/schema\/logo\/image\/"},"sameAs":["https:\/\/www.facebook.com\/vdociphertech\/","https:\/\/x.com\/vdocipher","https:\/\/www.linkedin.com\/company\/vdocipher"]}]}},"yoast":{"focuskw":"","title":"","metadesc":"","linkdex":"","metakeywords":"","meta-robots-noindex":"","meta-robots-nofollow":"","meta-robots-adv":"","canonical":"","redirect":"","opengraph-title":"","opengraph-description":"","opengraph-image":"","twitter-title":"","twitter-description":"","twitter-image":""},"_links":{"self":[{"href":"https:\/\/www-uat.vdocipher.com\/blog\/wp-json\/wp\/v2\/pages\/20036","targetHints":{"allow":["GET"]}}],"collection":[{"href":"https:\/\/www-uat.vdocipher.com\/blog\/wp-json\/wp\/v2\/pages"}],"about":[{"href":"https:\/\/www-uat.vdocipher.com\/blog\/wp-json\/wp\/v2\/types\/page"}],"author":[{"embeddable":true,"href":"https:\/\/www-uat.vdocipher.com\/blog\/wp-json\/wp\/v2\/users\/2"}],"replies":[{"embeddable":true,"href":"https:\/\/www-uat.vdocipher.com\/blog\/wp-json\/wp\/v2\/comments?post=20036"}],"version-history":[{"count":9,"href":"https:\/\/www-uat.vdocipher.com\/blog\/wp-json\/wp\/v2\/pages\/20036\/revisions"}],"predecessor-version":[{"id":20092,"href":"https:\/\/www-uat.vdocipher.com\/blog\/wp-json\/wp\/v2\/pages\/20036\/revisions\/20092"}],"wp:attachment":[{"href":"https:\/\/www-uat.vdocipher.com\/blog\/wp-json\/wp\/v2\/media?parent=20036"}],"wp:term":[{"taxonomy":"category","embeddable":true,"href":"https:\/\/www-uat.vdocipher.com\/blog\/wp-json\/wp\/v2\/categories?post=20036"},{"taxonomy":"post_tag","embeddable":true,"href":"https:\/\/www-uat.vdocipher.com\/blog\/wp-json\/wp\/v2\/tags?post=20036"}],"curies":[{"name":"wp","href":"https:\/\/api.w.org\/{rel}","templated":true}]}}